{"id":670,"date":"2026-01-09T08:43:52","date_gmt":"2026-01-09T08:43:52","guid":{"rendered":"https:\/\/byportier.com\/hotell\/"},"modified":"2026-03-12T19:55:53","modified_gmt":"2026-03-12T19:55:53","slug":"hotell","status":"publish","type":"page","link":"https:\/\/byportier.com\/sv\/hotell\/","title":{"rendered":"Hotell"},"content":{"rendered":"\n<div class=\"wp-block-cover alignfull\" style=\"min-height:100vh;aspect-ratio:unset;\"><img loading=\"lazy\" decoding=\"async\" width=\"1536\" height=\"1024\" class=\"wp-block-cover__image-background wp-image-389 size-full\" alt=\"Luxury hotels by portier\" src=\"https:\/\/byportier.com\/wp-content\/uploads\/2026\/02\/luxury-hotels-by-portier.jpg\" style=\"object-position:50% 67%\" data-object-fit=\"cover\" data-object-position=\"50% 67%\" srcset=\"https:\/\/byportier.com\/wp-content\/uploads\/2026\/02\/luxury-hotels-by-portier.jpg 1536w, https:\/\/byportier.com\/wp-content\/uploads\/2026\/02\/luxury-hotels-by-portier-300x200.jpg 300w, https:\/\/byportier.com\/wp-content\/uploads\/2026\/02\/luxury-hotels-by-portier-1024x683.jpg 1024w, https:\/\/byportier.com\/wp-content\/uploads\/2026\/02\/luxury-hotels-by-portier-768x512.jpg 768w\" sizes=\"auto, (max-width: 1536px) 100vw, 1536px\" \/><span aria-hidden=\"true\" class=\"wp-block-cover__background has-black-background-color has-background-dim-10 has-background-dim\"><\/span><div class=\"wp-block-cover__inner-container is-layout-constrained wp-block-cover-is-layout-constrained\">\n<h1 class=\"wp-block-heading has-text-align-center subtitle has-white-color has-text-color has-link-color wp-elements-2e9e605bb47069171a8d4ea2fde7b4e6\">LYXHOTELL BY PORTIER<\/h1>\n\n\n\n<p class=\"has-text-align-center h1 editorskit-no-tablet editorskit-no-mobile has-white-color has-text-color has-link-color wp-elements-86d12181fe1a724c41bead36c65c27c3\" style=\"font-size:50px\">Exklusiva boenden v\u00e4rlden \u00f6ver<\/p>\n<\/div><\/div>\n\n\n\n<div style=\"height:80px\" aria-hidden=\"true\" class=\"wp-block-spacer\"><\/div>\n\n\n\n<h2 class=\"wp-block-heading has-text-align-center\"><strong>Bo n\u00e5gonstans ut\u00f6ver det vanliga<\/strong><\/h2>\n\n\n\n<p class=\"has-text-align-center\">Uppt\u00e4ck handplockade lyxhotell d\u00e4r f\u00f6rfinad komfort, tidl\u00f6s design och enast\u00e5ende service m\u00f6ts f\u00f6r att skapa of\u00f6rgl\u00f6mliga vistelser. Oavsett om du reser i aff\u00e4rer eller f\u00f6r n\u00f6je \u00e4r detta platsen d\u00e4r extraordin\u00e4r g\u00e4stfrihet b\u00f6rjar.<\/p>\n\n\n\n<div style=\"height:60px\" aria-hidden=\"true\" class=\"wp-block-spacer\"><\/div>\n\n\n\n<div class=\"alignwide wp-swiper alignwide\"><div class=\"wp-swiper__wrapper\"><div class=\"swiper-container swiper\" data-swiper=\"{&quot;slidesPerView&quot;:1,&quot;slidesPerGroup&quot;:1,&quot;slidesPerGroupAuto&quot;:false,&quot;slidesPerGroupSkip&quot;:0,&quot;navigation&quot;:false,&quot;pagination&quot;:{&quot;type&quot;:&quot;bullets&quot;},&quot;delay&quot;:3000,&quot;speed&quot;:500,&quot;loop&quot;:false,&quot;direction&quot;:&quot;horizontal&quot;,&quot;slidesOffsetBefore&quot;:0,&quot;slidesOffsetAfter&quot;:40,&quot;autoHeight&quot;:true,&quot;spaceBetween&quot;:20,&quot;releaseOnEdges&quot;:false,&quot;effect&quot;:&quot;slide&quot;,&quot;breakpoints&quot;:&quot;{\\&quot;767\\&quot;:{\\&quot;slidesPerView\\&quot;:2}}&quot;}\"><div class=\"swiper-wrapper\">\n<div data-tab=\"slide-1\" class=\"wp-swiper__slide swiper-slide\"><div class=\"wp-swiper__overlay-color\" style=\"background-color:rgba(0, 0, 0, 0)\"><\/div><div class=\"wp-swiper__slide-content\">\n<div class=\"wp-block-group ek-linked-block\"><div class=\"wp-block-group__inner-container is-layout-constrained wp-block-group-is-layout-constrained\">\n<figure class=\"wp-block-image size-full\"><a href=\"https:\/\/byportier.com\/sv\/hotell\/sverige\/\"><img loading=\"lazy\" decoding=\"async\" width=\"1600\" height=\"900\" src=\"https:\/\/byportier.com\/wp-content\/uploads\/2026\/02\/old-town-stockholm.jpg\" alt=\"Old Town (Gamla stan) in Stockholm Sweden\" class=\"wp-image-693\" srcset=\"https:\/\/byportier.com\/wp-content\/uploads\/2026\/02\/old-town-stockholm.jpg 1600w, https:\/\/byportier.com\/wp-content\/uploads\/2026\/02\/old-town-stockholm-300x169.jpg 300w, https:\/\/byportier.com\/wp-content\/uploads\/2026\/02\/old-town-stockholm-1024x576.jpg 1024w, https:\/\/byportier.com\/wp-content\/uploads\/2026\/02\/old-town-stockholm-768x432.jpg 768w, https:\/\/byportier.com\/wp-content\/uploads\/2026\/02\/old-town-stockholm-1536x864.jpg 1536w\" sizes=\"auto, (max-width: 1600px) 100vw, 1600px\" \/><\/a><\/figure>\n\n\n\n<h3 class=\"wp-block-heading\"><a href=\"https:\/\/byportier.com\/sv\/hotell\/sverige\/\" type=\"page\" id=\"674\">Sverige<\/a><\/h3>\n<\/div><\/div>\n<\/div><\/div>\n\n\n\n<div data-tab=\"slide-2\" class=\"wp-swiper__slide swiper-slide\"><div class=\"wp-swiper__overlay-color\" style=\"background-color:rgba(0, 0, 0, 0)\"><\/div><div class=\"wp-swiper__slide-content\">\n<div class=\"wp-block-group ek-linked-block\"><div class=\"wp-block-group__inner-container is-layout-constrained wp-block-group-is-layout-constrained\">\n<figure class=\"wp-block-image size-full wp-duotone-000000-rgba128128128022-1\"><img loading=\"lazy\" decoding=\"async\" width=\"2560\" height=\"1440\" src=\"https:\/\/byportier.com\/wp-content\/uploads\/2026\/01\/turkey-istanbul-scaled.jpg\" alt=\"Turkey istanbul\" class=\"wp-image-81\" srcset=\"https:\/\/byportier.com\/wp-content\/uploads\/2026\/01\/turkey-istanbul-scaled.jpg 2560w, https:\/\/byportier.com\/wp-content\/uploads\/2026\/01\/turkey-istanbul-300x169.jpg 300w, https:\/\/byportier.com\/wp-content\/uploads\/2026\/01\/turkey-istanbul-1024x576.jpg 1024w, https:\/\/byportier.com\/wp-content\/uploads\/2026\/01\/turkey-istanbul-768x432.jpg 768w, https:\/\/byportier.com\/wp-content\/uploads\/2026\/01\/turkey-istanbul-1536x864.jpg 1536w, https:\/\/byportier.com\/wp-content\/uploads\/2026\/01\/turkey-istanbul-2048x1152.jpg 2048w\" sizes=\"auto, (max-width: 2560px) 100vw, 2560px\" \/><\/figure>\n\n\n\n<h3 class=\"wp-block-heading\">Turkiet (Kommer snart)<\/h3>\n<\/div><\/div>\n<\/div><\/div>\n<\/div><\/div><div class=\"swiper-pagination\"><\/div><\/div><\/div>\n\n\n\n<div class=\"alignwide wp-swiper alignwide\"><div class=\"wp-swiper__wrapper\"><div class=\"swiper-container swiper\" data-swiper=\"{&quot;slidesPerView&quot;:1,&quot;slidesPerGroup&quot;:1,&quot;slidesPerGroupAuto&quot;:false,&quot;slidesPerGroupSkip&quot;:0,&quot;navigation&quot;:false,&quot;pagination&quot;:{&quot;type&quot;:&quot;bullets&quot;},&quot;delay&quot;:3000,&quot;speed&quot;:500,&quot;loop&quot;:false,&quot;direction&quot;:&quot;horizontal&quot;,&quot;slidesOffsetBefore&quot;:0,&quot;slidesOffsetAfter&quot;:40,&quot;autoHeight&quot;:true,&quot;spaceBetween&quot;:20,&quot;releaseOnEdges&quot;:false,&quot;effect&quot;:&quot;slide&quot;,&quot;breakpoints&quot;:&quot;{\\&quot;767\\&quot;:{\\&quot;slidesPerView\\&quot;:2}}&quot;}\"><div class=\"swiper-wrapper\">\n<div data-tab=\"slide-1\" class=\"wp-swiper__slide swiper-slide\"><div class=\"wp-swiper__overlay-color\" style=\"background-color:rgba(0, 0, 0, 0)\"><\/div><div class=\"wp-swiper__slide-content\">\n<div class=\"wp-block-group ek-linked-block\"><div class=\"wp-block-group__inner-container is-layout-constrained wp-block-group-is-layout-constrained\">\n<figure class=\"wp-block-image size-full wp-duotone-000000-rgba128128128022-2\"><img loading=\"lazy\" decoding=\"async\" width=\"2560\" height=\"1707\" src=\"https:\/\/byportier.com\/wp-content\/uploads\/2026\/01\/united-kingdom-london-scaled.jpg\" alt=\"tower bridge london united kingdom\" class=\"wp-image-83\" srcset=\"https:\/\/byportier.com\/wp-content\/uploads\/2026\/01\/united-kingdom-london-scaled.jpg 2560w, https:\/\/byportier.com\/wp-content\/uploads\/2026\/01\/united-kingdom-london-300x200.jpg 300w, https:\/\/byportier.com\/wp-content\/uploads\/2026\/01\/united-kingdom-london-1024x683.jpg 1024w, https:\/\/byportier.com\/wp-content\/uploads\/2026\/01\/united-kingdom-london-768x512.jpg 768w, https:\/\/byportier.com\/wp-content\/uploads\/2026\/01\/united-kingdom-london-1536x1024.jpg 1536w, https:\/\/byportier.com\/wp-content\/uploads\/2026\/01\/united-kingdom-london-2048x1365.jpg 2048w\" sizes=\"auto, (max-width: 2560px) 100vw, 2560px\" \/><\/figure>\n\n\n\n<h3 class=\"wp-block-heading\">Storbritannien (Kommer snart)<\/h3>\n<\/div><\/div>\n<\/div><\/div>\n\n\n\n<div data-tab=\"slide-2\" class=\"wp-swiper__slide swiper-slide\"><div class=\"wp-swiper__overlay-color\" style=\"background-color:rgba(0, 0, 0, 0)\"><\/div><div class=\"wp-swiper__slide-content\">\n<div class=\"wp-block-group ek-linked-block\"><div class=\"wp-block-group__inner-container is-layout-constrained wp-block-group-is-layout-constrained\">\n<figure class=\"wp-block-image size-full wp-duotone-000000-rgba128128128022-3\"><img loading=\"lazy\" decoding=\"async\" width=\"1274\" height=\"886\" src=\"https:\/\/byportier.com\/wp-content\/uploads\/2026\/01\/germany.png\" alt=\"Germany bridge\" class=\"wp-image-84\" srcset=\"https:\/\/byportier.com\/wp-content\/uploads\/2026\/01\/germany.png 1274w, https:\/\/byportier.com\/wp-content\/uploads\/2026\/01\/germany-300x209.png 300w, https:\/\/byportier.com\/wp-content\/uploads\/2026\/01\/germany-1024x712.png 1024w, https:\/\/byportier.com\/wp-content\/uploads\/2026\/01\/germany-768x534.png 768w\" sizes=\"auto, (max-width: 1274px) 100vw, 1274px\" \/><\/figure>\n\n\n\n<h3 class=\"wp-block-heading\">Tyskland (Kommer snart)<\/h3>\n<\/div><\/div>\n<\/div><\/div>\n<\/div><\/div><div class=\"swiper-pagination\"><\/div><\/div><\/div>\n\n\n\n<div style=\"height:60px\" aria-hidden=\"true\" class=\"wp-block-spacer\"><\/div>\n","protected":false},"excerpt":{"rendered":"<p>Bo n\u00e5gonstans ut\u00f6ver det vanliga Uppt\u00e4ck handplockade lyxhotell d\u00e4r f\u00f6rfinad komfort, tidl\u00f6s design och enast\u00e5ende service m\u00f6ts f\u00f6r att skapa of\u00f6rgl\u00f6mliga vistelser. Oavsett om du reser i aff\u00e4rer eller f\u00f6r n\u00f6je \u00e4r detta platsen d\u00e4r extraordin\u00e4r g\u00e4stfrihet b\u00f6rjar.<\/p>\n","protected":false},"author":2,"featured_media":0,"parent":0,"menu_order":0,"comment_status":"closed","ping_status":"closed","template":"","meta":{"_acf_changed":false,"footnotes":""},"class_list":["post-670","page","type-page","status-publish","hentry"],"acf":[],"yoast_head":"<!-- This site is optimized with the Yoast SEO plugin v27.1.1 - https:\/\/yoast.com\/product\/yoast-seo-wordpress\/ -->\n<title>Lyxhotell &amp; Boutiquehotell | Byportier.se<\/title>\n<meta name=\"description\" content=\"Hitta lyxhotell och boutiquehotell \u00f6ver hela v\u00e4rlden med Byportier - noggrant utvalda boenden f\u00f6r aff\u00e4rsresor, fritid och speciella tillf\u00e4llen.\" \/>\n<meta name=\"robots\" content=\"index, follow, max-snippet:-1, max-image-preview:large, max-video-preview:-1\" \/>\n<link rel=\"canonical\" href=\"https:\/\/byportier.com\/sv\/hotell\/\" \/>\n<meta property=\"og:locale\" content=\"sv_SE\" \/>\n<meta property=\"og:type\" content=\"article\" \/>\n<meta property=\"og:title\" content=\"Lyxhotell &amp; Boutiquehotell | Byportier.se\" \/>\n<meta property=\"og:description\" content=\"Hitta lyxhotell och boutiquehotell \u00f6ver hela v\u00e4rlden med Byportier - noggrant utvalda boenden f\u00f6r aff\u00e4rsresor, fritid och speciella tillf\u00e4llen.\" \/>\n<meta property=\"og:url\" content=\"https:\/\/byportier.com\/sv\/hotell\/\" \/>\n<meta property=\"og:site_name\" content=\"Byportier.com\" \/>\n<meta property=\"article:modified_time\" content=\"2026-03-12T19:55:53+00:00\" \/>\n<meta property=\"og:image\" content=\"https:\/\/byportier.com\/wp-content\/uploads\/2026\/02\/luxury-hotels-by-portier.jpg\" \/>\n\t<meta property=\"og:image:width\" content=\"1536\" \/>\n\t<meta property=\"og:image:height\" content=\"1024\" \/>\n\t<meta property=\"og:image:type\" content=\"image\/jpeg\" \/>\n<meta name=\"twitter:card\" content=\"summary_large_image\" \/>\n<script type=\"application\/ld+json\" class=\"yoast-schema-graph\">{\"@context\":\"https:\/\/schema.org\",\"@graph\":[{\"@type\":\"WebPage\",\"@id\":\"https:\/\/byportier.com\/sv\/hotell\/\",\"url\":\"https:\/\/byportier.com\/sv\/hotell\/\",\"name\":\"Lyxhotell & Boutiquehotell | Byportier.se\",\"isPartOf\":{\"@id\":\"https:\/\/byportier.com\/sv\/#website\"},\"primaryImageOfPage\":{\"@id\":\"https:\/\/byportier.com\/sv\/hotell\/#primaryimage\"},\"image\":{\"@id\":\"https:\/\/byportier.com\/sv\/hotell\/#primaryimage\"},\"thumbnailUrl\":\"https:\/\/byportier.com\/wp-content\/uploads\/2026\/02\/luxury-hotels-by-portier.jpg\",\"datePublished\":\"2026-01-09T08:43:52+00:00\",\"dateModified\":\"2026-03-12T19:55:53+00:00\",\"description\":\"Hitta lyxhotell och boutiquehotell \u00f6ver hela v\u00e4rlden med Byportier - noggrant utvalda boenden f\u00f6r aff\u00e4rsresor, fritid och speciella tillf\u00e4llen.\",\"breadcrumb\":{\"@id\":\"https:\/\/byportier.com\/sv\/hotell\/#breadcrumb\"},\"inLanguage\":\"sv-SE\",\"potentialAction\":[{\"@type\":\"ReadAction\",\"target\":[\"https:\/\/byportier.com\/sv\/hotell\/\"]}]},{\"@type\":\"ImageObject\",\"inLanguage\":\"sv-SE\",\"@id\":\"https:\/\/byportier.com\/sv\/hotell\/#primaryimage\",\"url\":\"https:\/\/byportier.com\/wp-content\/uploads\/2026\/02\/luxury-hotels-by-portier.jpg\",\"contentUrl\":\"https:\/\/byportier.com\/wp-content\/uploads\/2026\/02\/luxury-hotels-by-portier.jpg\"},{\"@type\":\"BreadcrumbList\",\"@id\":\"https:\/\/byportier.com\/sv\/hotell\/#breadcrumb\",\"itemListElement\":[{\"@type\":\"ListItem\",\"position\":1,\"name\":\"Home\",\"item\":\"https:\/\/byportier.com\/sv\/\"},{\"@type\":\"ListItem\",\"position\":2,\"name\":\"Hotell\"}]},{\"@type\":\"WebSite\",\"@id\":\"https:\/\/byportier.com\/sv\/#website\",\"url\":\"https:\/\/byportier.com\/sv\/\",\"name\":\"Byportier.com\",\"description\":\"\",\"publisher\":{\"@id\":\"https:\/\/byportier.com\/sv\/#organization\"},\"potentialAction\":[{\"@type\":\"SearchAction\",\"target\":{\"@type\":\"EntryPoint\",\"urlTemplate\":\"https:\/\/byportier.com\/sv\/?s={search_term_string}\"},\"query-input\":{\"@type\":\"PropertyValueSpecification\",\"valueRequired\":true,\"valueName\":\"search_term_string\"}}],\"inLanguage\":\"sv-SE\"},{\"@type\":\"Organization\",\"@id\":\"https:\/\/byportier.com\/sv\/#organization\",\"name\":\"byportier.com\",\"url\":\"https:\/\/byportier.com\/sv\/\",\"logo\":{\"@type\":\"ImageObject\",\"inLanguage\":\"sv-SE\",\"@id\":\"https:\/\/byportier.com\/sv\/#\/schema\/logo\/image\/\",\"url\":\"https:\/\/byportier.com\/wp-content\/uploads\/2026\/01\/byportier-black.png\",\"contentUrl\":\"https:\/\/byportier.com\/wp-content\/uploads\/2026\/01\/byportier-black.png\",\"width\":434,\"height\":228,\"caption\":\"byportier.com\"},\"image\":{\"@id\":\"https:\/\/byportier.com\/sv\/#\/schema\/logo\/image\/\"}}]}<\/script>\n<!-- \/ Yoast SEO plugin. -->","yoast_head_json":{"title":"Lyxhotell & Boutiquehotell | Byportier.se","description":"Hitta lyxhotell och boutiquehotell \u00f6ver hela v\u00e4rlden med Byportier - noggrant utvalda boenden f\u00f6r aff\u00e4rsresor, fritid och speciella tillf\u00e4llen.","robots":{"index":"index","follow":"follow","max-snippet":"max-snippet:-1","max-image-preview":"max-image-preview:large","max-video-preview":"max-video-preview:-1"},"canonical":"https:\/\/byportier.com\/sv\/hotell\/","og_locale":"sv_SE","og_type":"article","og_title":"Lyxhotell & Boutiquehotell | Byportier.se","og_description":"Hitta lyxhotell och boutiquehotell \u00f6ver hela v\u00e4rlden med Byportier - noggrant utvalda boenden f\u00f6r aff\u00e4rsresor, fritid och speciella tillf\u00e4llen.","og_url":"https:\/\/byportier.com\/sv\/hotell\/","og_site_name":"Byportier.com","article_modified_time":"2026-03-12T19:55:53+00:00","og_image":[{"width":1536,"height":1024,"url":"https:\/\/byportier.com\/wp-content\/uploads\/2026\/02\/luxury-hotels-by-portier.jpg","type":"image\/jpeg"}],"twitter_card":"summary_large_image","schema":{"@context":"https:\/\/schema.org","@graph":[{"@type":"WebPage","@id":"https:\/\/byportier.com\/sv\/hotell\/","url":"https:\/\/byportier.com\/sv\/hotell\/","name":"Lyxhotell & Boutiquehotell | Byportier.se","isPartOf":{"@id":"https:\/\/byportier.com\/sv\/#website"},"primaryImageOfPage":{"@id":"https:\/\/byportier.com\/sv\/hotell\/#primaryimage"},"image":{"@id":"https:\/\/byportier.com\/sv\/hotell\/#primaryimage"},"thumbnailUrl":"https:\/\/byportier.com\/wp-content\/uploads\/2026\/02\/luxury-hotels-by-portier.jpg","datePublished":"2026-01-09T08:43:52+00:00","dateModified":"2026-03-12T19:55:53+00:00","description":"Hitta lyxhotell och boutiquehotell \u00f6ver hela v\u00e4rlden med Byportier - noggrant utvalda boenden f\u00f6r aff\u00e4rsresor, fritid och speciella tillf\u00e4llen.","breadcrumb":{"@id":"https:\/\/byportier.com\/sv\/hotell\/#breadcrumb"},"inLanguage":"sv-SE","potentialAction":[{"@type":"ReadAction","target":["https:\/\/byportier.com\/sv\/hotell\/"]}]},{"@type":"ImageObject","inLanguage":"sv-SE","@id":"https:\/\/byportier.com\/sv\/hotell\/#primaryimage","url":"https:\/\/byportier.com\/wp-content\/uploads\/2026\/02\/luxury-hotels-by-portier.jpg","contentUrl":"https:\/\/byportier.com\/wp-content\/uploads\/2026\/02\/luxury-hotels-by-portier.jpg"},{"@type":"BreadcrumbList","@id":"https:\/\/byportier.com\/sv\/hotell\/#breadcrumb","itemListElement":[{"@type":"ListItem","position":1,"name":"Home","item":"https:\/\/byportier.com\/sv\/"},{"@type":"ListItem","position":2,"name":"Hotell"}]},{"@type":"WebSite","@id":"https:\/\/byportier.com\/sv\/#website","url":"https:\/\/byportier.com\/sv\/","name":"Byportier.com","description":"","publisher":{"@id":"https:\/\/byportier.com\/sv\/#organization"},"potentialAction":[{"@type":"SearchAction","target":{"@type":"EntryPoint","urlTemplate":"https:\/\/byportier.com\/sv\/?s={search_term_string}"},"query-input":{"@type":"PropertyValueSpecification","valueRequired":true,"valueName":"search_term_string"}}],"inLanguage":"sv-SE"},{"@type":"Organization","@id":"https:\/\/byportier.com\/sv\/#organization","name":"byportier.com","url":"https:\/\/byportier.com\/sv\/","logo":{"@type":"ImageObject","inLanguage":"sv-SE","@id":"https:\/\/byportier.com\/sv\/#\/schema\/logo\/image\/","url":"https:\/\/byportier.com\/wp-content\/uploads\/2026\/01\/byportier-black.png","contentUrl":"https:\/\/byportier.com\/wp-content\/uploads\/2026\/01\/byportier-black.png","width":434,"height":228,"caption":"byportier.com"},"image":{"@id":"https:\/\/byportier.com\/sv\/#\/schema\/logo\/image\/"}}]}},"_links":{"self":[{"href":"https:\/\/byportier.com\/sv\/wp-json\/wp\/v2\/pages\/670","targetHints":{"allow":["GET"]}}],"collection":[{"href":"https:\/\/byportier.com\/sv\/wp-json\/wp\/v2\/pages"}],"about":[{"href":"https:\/\/byportier.com\/sv\/wp-json\/wp\/v2\/types\/page"}],"author":[{"embeddable":true,"href":"https:\/\/byportier.com\/sv\/wp-json\/wp\/v2\/users\/2"}],"replies":[{"embeddable":true,"href":"https:\/\/byportier.com\/sv\/wp-json\/wp\/v2\/comments?post=670"}],"version-history":[{"count":6,"href":"https:\/\/byportier.com\/sv\/wp-json\/wp\/v2\/pages\/670\/revisions"}],"predecessor-version":[{"id":720,"href":"https:\/\/byportier.com\/sv\/wp-json\/wp\/v2\/pages\/670\/revisions\/720"}],"wp:attachment":[{"href":"https:\/\/byportier.com\/sv\/wp-json\/wp\/v2\/media?parent=670"}],"curies":[{"name":"wp","href":"https:\/\/api.w.org\/{rel}","templated":true}]}}